{"id":107,"date":"2021-12-13T10:49:49","date_gmt":"2021-12-13T10:49:49","guid":{"rendered":"https:\/\/crazy-moser.161-35-166-251.plesk.page\/?post_type=product&#038;p=107"},"modified":"2025-06-15T11:58:13","modified_gmt":"2025-06-15T11:58:13","slug":"rafmagnselement","status":"publish","type":"product","link":"https:\/\/gorri.is\/?product=rafmagnselement","title":{"rendered":"Rafmagnselement"},"content":{"rendered":"<p>Rafmagnselement me\u00f0 hitastillir. Einnig h\u00e6gt a\u00f0 stilla \u00fea\u00f0 \u00e1 t\u00edma, fr\u00e1 1-5 klst<\/p>\n","protected":false},"excerpt":{"rendered":"<p>Rafmagnselement me\u00f0 hitastillir. Einnig h\u00e6gt a\u00f0 stilla \u00fea\u00f0 \u00e1 t\u00edma, fr\u00e1 1-5 klst<\/p>\n","protected":false},"featured_media":104,"comment_status":"open","ping_status":"closed","template":"","meta":[],"product_brand":[],"product_cat":[20],"product_tag":[],"class_list":{"0":"post-107","1":"product","2":"type-product","3":"status-publish","4":"has-post-thumbnail","6":"product_cat-rafmagnselement","8":"first","9":"instock","10":"taxable","11":"shipping-taxable","12":"purchasable","13":"product-type-variable"},"yoast_head":"<!-- This site is optimized with the Yoast SEO plugin v27.4 - https:\/\/yoast.com\/product\/yoast-seo-wordpress\/ -->\n<title>Rafmagnselement - Handkl\u00e6\u00f0aofnar<\/title>\n<meta name=\"robots\" content=\"index, follow, max-snippet:-1, max-image-preview:large, max-video-preview:-1\" \/>\n<link rel=\"canonical\" href=\"https:\/\/gorri.is\/?product=rafmagnselement\" \/>\n<meta property=\"og:locale\" content=\"is_IS\" \/>\n<meta property=\"og:type\" content=\"article\" \/>\n<meta property=\"og:title\" content=\"Rafmagnselement - Handkl\u00e6\u00f0aofnar\" \/>\n<meta property=\"og:description\" content=\"Rafmagnselement me\u00f0 hitastillir. Einnig h\u00e6gt a\u00f0 stilla \u00fea\u00f0 \u00e1 t\u00edma, fr\u00e1 1-5 klst\" \/>\n<meta property=\"og:url\" content=\"https:\/\/gorri.is\/?product=rafmagnselement\" \/>\n<meta property=\"og:site_name\" content=\"Handkl\u00e6\u00f0aofnar\" \/>\n<meta property=\"article:publisher\" content=\"https:\/\/www.facebook.com\/handklaedaofnar\" \/>\n<meta property=\"article:modified_time\" content=\"2025-06-15T11:58:13+00:00\" \/>\n<meta property=\"og:image\" content=\"https:\/\/gorri.s3.eu-west-2.amazonaws.com\/uploads\/2021\/12\/27224839\/Screenshot-from-2021-12-13-10.43.01.png\" \/>\n\t<meta property=\"og:image:width\" content=\"496\" \/>\n\t<meta property=\"og:image:height\" content=\"496\" \/>\n\t<meta property=\"og:image:type\" content=\"image\/png\" \/>\n<meta name=\"twitter:card\" content=\"summary_large_image\" \/>\n<meta name=\"twitter:label1\" content=\"Est. reading time\" \/>\n\t<meta name=\"twitter:data1\" content=\"1 m\u00edn\u00fata\" \/>\n<script type=\"application\/ld+json\" class=\"yoast-schema-graph\">{\"@context\":\"https:\\\/\\\/schema.org\",\"@graph\":[{\"@type\":\"WebPage\",\"@id\":\"https:\\\/\\\/gorri.is\\\/?product=rafmagnselement\",\"url\":\"https:\\\/\\\/gorri.is\\\/?product=rafmagnselement\",\"name\":\"Rafmagnselement - Handkl\u00e6\u00f0aofnar\",\"isPartOf\":{\"@id\":\"https:\\\/\\\/gorri.is\\\/#website\"},\"primaryImageOfPage\":{\"@id\":\"https:\\\/\\\/gorri.is\\\/?product=rafmagnselement#primaryimage\"},\"image\":{\"@id\":\"https:\\\/\\\/gorri.is\\\/?product=rafmagnselement#primaryimage\"},\"thumbnailUrl\":\"https:\\\/\\\/gorri.s3.eu-west-2.amazonaws.com\\\/uploads\\\/2021\\\/12\\\/27224839\\\/Screenshot-from-2021-12-13-10.43.01.png\",\"datePublished\":\"2021-12-13T10:49:49+00:00\",\"dateModified\":\"2025-06-15T11:58:13+00:00\",\"breadcrumb\":{\"@id\":\"https:\\\/\\\/gorri.is\\\/?product=rafmagnselement#breadcrumb\"},\"inLanguage\":\"is\",\"potentialAction\":[{\"@type\":\"ReadAction\",\"target\":[\"https:\\\/\\\/gorri.is\\\/?product=rafmagnselement\"]}]},{\"@type\":\"ImageObject\",\"inLanguage\":\"is\",\"@id\":\"https:\\\/\\\/gorri.is\\\/?product=rafmagnselement#primaryimage\",\"url\":\"https:\\\/\\\/gorri.s3.eu-west-2.amazonaws.com\\\/uploads\\\/2021\\\/12\\\/27224839\\\/Screenshot-from-2021-12-13-10.43.01.png\",\"contentUrl\":\"https:\\\/\\\/gorri.s3.eu-west-2.amazonaws.com\\\/uploads\\\/2021\\\/12\\\/27224839\\\/Screenshot-from-2021-12-13-10.43.01.png\",\"width\":496,\"height\":496},{\"@type\":\"BreadcrumbList\",\"@id\":\"https:\\\/\\\/gorri.is\\\/?product=rafmagnselement#breadcrumb\",\"itemListElement\":[{\"@type\":\"ListItem\",\"position\":1,\"name\":\"Home\",\"item\":\"https:\\\/\\\/gorri.is\\\/\"},{\"@type\":\"ListItem\",\"position\":2,\"name\":\"Shop\",\"item\":\"https:\\\/\\\/gorri.is\\\/?page_id=6\"},{\"@type\":\"ListItem\",\"position\":3,\"name\":\"Rafmagnselement\"}]},{\"@type\":\"WebSite\",\"@id\":\"https:\\\/\\\/gorri.is\\\/#website\",\"url\":\"https:\\\/\\\/gorri.is\\\/\",\"name\":\"Handkl\u00e6\u00f0aofnar\",\"description\":\"Handkl\u00e6\u00f0aofnar\",\"publisher\":{\"@id\":\"https:\\\/\\\/gorri.is\\\/#organization\"},\"potentialAction\":[{\"@type\":\"SearchAction\",\"target\":{\"@type\":\"EntryPoint\",\"urlTemplate\":\"https:\\\/\\\/gorri.is\\\/?s={search_term_string}\"},\"query-input\":{\"@type\":\"PropertyValueSpecification\",\"valueRequired\":true,\"valueName\":\"search_term_string\"}}],\"inLanguage\":\"is\"},{\"@type\":\"Organization\",\"@id\":\"https:\\\/\\\/gorri.is\\\/#organization\",\"name\":\"Handkl\u00e6\u00f0aofnar\",\"url\":\"https:\\\/\\\/gorri.is\\\/\",\"logo\":{\"@type\":\"ImageObject\",\"inLanguage\":\"is\",\"@id\":\"https:\\\/\\\/gorri.is\\\/#\\\/schema\\\/logo\\\/image\\\/\",\"url\":\"https:\\\/\\\/gorri.is\\\/wp-content\\\/uploads\\\/2022\\\/08\\\/gorriH.png\",\"contentUrl\":\"https:\\\/\\\/gorri.is\\\/wp-content\\\/uploads\\\/2022\\\/08\\\/gorriH.png\",\"width\":2304,\"height\":510,\"caption\":\"Handkl\u00e6\u00f0aofnar\"},\"image\":{\"@id\":\"https:\\\/\\\/gorri.is\\\/#\\\/schema\\\/logo\\\/image\\\/\"},\"sameAs\":[\"https:\\\/\\\/www.facebook.com\\\/handklaedaofnar\"]}]}<\/script>\n<!-- \/ Yoast SEO plugin. -->","yoast_head_json":{"title":"Rafmagnselement - Handkl\u00e6\u00f0aofnar","robots":{"index":"index","follow":"follow","max-snippet":"max-snippet:-1","max-image-preview":"max-image-preview:large","max-video-preview":"max-video-preview:-1"},"canonical":"https:\/\/gorri.is\/?product=rafmagnselement","og_locale":"is_IS","og_type":"article","og_title":"Rafmagnselement - Handkl\u00e6\u00f0aofnar","og_description":"Rafmagnselement me\u00f0 hitastillir. Einnig h\u00e6gt a\u00f0 stilla \u00fea\u00f0 \u00e1 t\u00edma, fr\u00e1 1-5 klst","og_url":"https:\/\/gorri.is\/?product=rafmagnselement","og_site_name":"Handkl\u00e6\u00f0aofnar","article_publisher":"https:\/\/www.facebook.com\/handklaedaofnar","article_modified_time":"2025-06-15T11:58:13+00:00","og_image":[{"width":496,"height":496,"url":"https:\/\/gorri.s3.eu-west-2.amazonaws.com\/uploads\/2021\/12\/27224839\/Screenshot-from-2021-12-13-10.43.01.png","type":"image\/png"}],"twitter_card":"summary_large_image","twitter_misc":{"Est. reading time":"1 m\u00edn\u00fata"},"schema":{"@context":"https:\/\/schema.org","@graph":[{"@type":"WebPage","@id":"https:\/\/gorri.is\/?product=rafmagnselement","url":"https:\/\/gorri.is\/?product=rafmagnselement","name":"Rafmagnselement - Handkl\u00e6\u00f0aofnar","isPartOf":{"@id":"https:\/\/gorri.is\/#website"},"primaryImageOfPage":{"@id":"https:\/\/gorri.is\/?product=rafmagnselement#primaryimage"},"image":{"@id":"https:\/\/gorri.is\/?product=rafmagnselement#primaryimage"},"thumbnailUrl":"https:\/\/gorri.s3.eu-west-2.amazonaws.com\/uploads\/2021\/12\/27224839\/Screenshot-from-2021-12-13-10.43.01.png","datePublished":"2021-12-13T10:49:49+00:00","dateModified":"2025-06-15T11:58:13+00:00","breadcrumb":{"@id":"https:\/\/gorri.is\/?product=rafmagnselement#breadcrumb"},"inLanguage":"is","potentialAction":[{"@type":"ReadAction","target":["https:\/\/gorri.is\/?product=rafmagnselement"]}]},{"@type":"ImageObject","inLanguage":"is","@id":"https:\/\/gorri.is\/?product=rafmagnselement#primaryimage","url":"https:\/\/gorri.s3.eu-west-2.amazonaws.com\/uploads\/2021\/12\/27224839\/Screenshot-from-2021-12-13-10.43.01.png","contentUrl":"https:\/\/gorri.s3.eu-west-2.amazonaws.com\/uploads\/2021\/12\/27224839\/Screenshot-from-2021-12-13-10.43.01.png","width":496,"height":496},{"@type":"BreadcrumbList","@id":"https:\/\/gorri.is\/?product=rafmagnselement#breadcrumb","itemListElement":[{"@type":"ListItem","position":1,"name":"Home","item":"https:\/\/gorri.is\/"},{"@type":"ListItem","position":2,"name":"Shop","item":"https:\/\/gorri.is\/?page_id=6"},{"@type":"ListItem","position":3,"name":"Rafmagnselement"}]},{"@type":"WebSite","@id":"https:\/\/gorri.is\/#website","url":"https:\/\/gorri.is\/","name":"Handkl\u00e6\u00f0aofnar","description":"Handkl\u00e6\u00f0aofnar","publisher":{"@id":"https:\/\/gorri.is\/#organization"},"potentialAction":[{"@type":"SearchAction","target":{"@type":"EntryPoint","urlTemplate":"https:\/\/gorri.is\/?s={search_term_string}"},"query-input":{"@type":"PropertyValueSpecification","valueRequired":true,"valueName":"search_term_string"}}],"inLanguage":"is"},{"@type":"Organization","@id":"https:\/\/gorri.is\/#organization","name":"Handkl\u00e6\u00f0aofnar","url":"https:\/\/gorri.is\/","logo":{"@type":"ImageObject","inLanguage":"is","@id":"https:\/\/gorri.is\/#\/schema\/logo\/image\/","url":"https:\/\/gorri.is\/wp-content\/uploads\/2022\/08\/gorriH.png","contentUrl":"https:\/\/gorri.is\/wp-content\/uploads\/2022\/08\/gorriH.png","width":2304,"height":510,"caption":"Handkl\u00e6\u00f0aofnar"},"image":{"@id":"https:\/\/gorri.is\/#\/schema\/logo\/image\/"},"sameAs":["https:\/\/www.facebook.com\/handklaedaofnar"]}]}},"_links":{"self":[{"href":"https:\/\/gorri.is\/index.php?rest_route=\/wp\/v2\/product\/107","targetHints":{"allow":["GET"]}}],"collection":[{"href":"https:\/\/gorri.is\/index.php?rest_route=\/wp\/v2\/product"}],"about":[{"href":"https:\/\/gorri.is\/index.php?rest_route=\/wp\/v2\/types\/product"}],"replies":[{"embeddable":true,"href":"https:\/\/gorri.is\/index.php?rest_route=%2Fwp%2Fv2%2Fcomments&post=107"}],"wp:featuredmedia":[{"embeddable":true,"href":"https:\/\/gorri.is\/index.php?rest_route=\/wp\/v2\/media\/104"}],"wp:attachment":[{"href":"https:\/\/gorri.is\/index.php?rest_route=%2Fwp%2Fv2%2Fmedia&parent=107"}],"wp:term":[{"taxonomy":"product_brand","embeddable":true,"href":"https:\/\/gorri.is\/index.php?rest_route=%2Fwp%2Fv2%2Fproduct_brand&post=107"},{"taxonomy":"product_cat","embeddable":true,"href":"https:\/\/gorri.is\/index.php?rest_route=%2Fwp%2Fv2%2Fproduct_cat&post=107"},{"taxonomy":"product_tag","embeddable":true,"href":"https:\/\/gorri.is\/index.php?rest_route=%2Fwp%2Fv2%2Fproduct_tag&post=107"}],"curies":[{"name":"wp","href":"https:\/\/api.w.org\/{rel}","templated":true}]}}